{"id":20,"date":"2025-06-04T08:25:30","date_gmt":"2025-06-04T08:25:30","guid":{"rendered":"https:\/\/dev.fx-rottmair-zimmerei.de\/?page_id=20"},"modified":"2025-06-10T12:18:54","modified_gmt":"2025-06-10T12:18:54","slug":"holzhausbau","status":"publish","type":"page","link":"https:\/\/fx-rottmair-zimmerei.de\/index.php\/holzhausbau\/","title":{"rendered":"Holzhausbau"},"content":{"rendered":"<ul>\n<li>\n<p>        <img decoding=\"async\" src=\"\/wp-content\/uploads\/2025\/06\/Homeslider7-new.jpg\" alt=\"\"><\/p>\n<h3>Homeslider7-new<\/h3>\n<\/li>\n<li>\n<p>        <img decoding=\"async\" src=\"\/wp-content\/uploads\/2025\/06\/Homeslider6-new.jpg\" alt=\"\"><\/p>\n<h3>Homeslider6-new<\/h3>\n<\/li>\n<li>\n<p>        <img decoding=\"async\" src=\"\/wp-content\/uploads\/2025\/06\/Homeslider4-new.jpg\" alt=\"\"><\/p>\n<h3>Homeslider4-new<\/h3>\n<\/li>\n<li>\n<p>        <img decoding=\"async\" src=\"\/wp-content\/uploads\/2025\/06\/Homeslider3-new.jpg\" alt=\"\"><\/p>\n<h3>Homeslider3-new<\/h3>\n<\/li>\n<li>\n<p>        <img decoding=\"async\" src=\"\/wp-content\/uploads\/2025\/06\/Homeslider2-new.jpg\" alt=\"\"><\/p>\n<h3>Homeslider2-new<\/h3>\n<\/li>\n<li>\n<p>        <img decoding=\"async\" src=\"\/wp-content\/uploads\/2025\/06\/AmHagberg.jpg\" alt=\"\"><\/p>\n<h3>AmHagberg<\/h3>\n<\/li>\n<\/ul>\n<h1>Holzhausbau<\/h1>\n<div>\n<div>\n<p class=\"p1\"><b>Nat\u00fcrlich bauen \u2013 mit Holz und Verstand.<\/b><b><\/b><\/p>\n<p class=\"p1\">Ein Haus zu bauen, hei\u00dft nicht nur, R\u00e4ume zu schaffen \u2013 sondern ein Zuhause. Mit unserer Leidenschaft f\u00fcr Holz und dem Wissen aus vielen Jahren Zimmerei-Handwerk setzen wir diesen Wunsch in die Tat um.<\/p>\n<p class=\"p1\">Unsere Holzh\u00e4user entstehen in traditioneller Holzst\u00e4nderbauweise: Ein stabiles Ger\u00fcst aus massivem Vollholz bildet das Herzst\u00fcck \u2013 erg\u00e4nzt durch hochwertige Holzwerkstoffe und nat\u00fcrliche D\u00e4mmmaterialien wie Zellulose oder Holzfaser. So entsteht ein wohngesundes Raumklima, das man sp\u00fcrt, sobald man eintritt.<\/p>\n<p class=\"p1\">Und weil wir in unserer Werkstatt alles passgenau vorbereiten, steht Ihr Haus innerhalb weniger Tage \u2013 bereit f\u00fcr Fenster, Dach und Innenausbau. Schnell, sauber, durchdacht.<\/p>\n<\/div>\n<\/div>\n<ul>\n<li>\n<p>        <img decoding=\"async\" src=\"\/wp-content\/uploads\/2025\/06\/002-1.jpg\" alt=\"\"><\/p>\n<h3>DIGITAL CAMERA<\/h3>\n<\/li>\n<li>\n<p>        <img decoding=\"async\" src=\"\/wp-content\/uploads\/2025\/06\/007-1.jpg\" alt=\"\"><\/p>\n<h3>007<\/h3>\n<\/li>\n<li>\n<p>        <img decoding=\"async\" src=\"\/wp-content\/uploads\/2025\/06\/010-1.jpg\" alt=\"\"><\/p>\n<h3>DIGITAL CAMERA<\/h3>\n<\/li>\n<li>\n<p>        <img decoding=\"async\" src=\"\/wp-content\/uploads\/2025\/06\/011-1.jpg\" alt=\"\"><\/p>\n<h3>DIGITAL CAMERA<\/h3>\n<\/li>\n<li>\n<p>        <img decoding=\"async\" src=\"\/wp-content\/uploads\/2025\/06\/031-1.jpg\" alt=\"\"><\/p>\n<h3>Traveler<\/h3>\n<\/li>\n<li>\n<p>        <img decoding=\"async\" src=\"\/wp-content\/uploads\/2025\/06\/032-1.jpg\" alt=\"\"><\/p>\n<h3>Traveler<\/h3>\n<\/li>\n<li>\n<p>        <img decoding=\"async\" src=\"\/wp-content\/uploads\/2025\/06\/033-1.jpg\" alt=\"\"><\/p>\n<h3>Traveler<\/h3>\n<\/li>\n<li>\n<p>        <img decoding=\"async\" src=\"\/wp-content\/uploads\/2025\/06\/040-1.jpg\" alt=\"\"><\/p>\n<h3>040<\/h3>\n<\/li>\n<li>\n<p>        <img decoding=\"async\" src=\"\/wp-content\/uploads\/2025\/06\/042-1.jpg\" alt=\"\"><\/p>\n<h3>042<\/h3>\n<\/li>\n<li>\n<p>        <img decoding=\"async\" src=\"\/wp-content\/uploads\/2025\/06\/044-1.jpg\" alt=\"\"><\/p>\n<h3>044<\/h3>\n<\/li>\n<li>\n<p>        <img decoding=\"async\" src=\"\/wp-content\/uploads\/2025\/06\/045-1.jpg\" alt=\"\"><\/p>\n<h3>045<\/h3>\n<\/li>\n<li>\n<p>        <img decoding=\"async\" src=\"\/wp-content\/uploads\/2025\/06\/046-1.jpg\" alt=\"\"><\/p>\n<h3>046<\/h3>\n<\/li>\n<li>\n<p>        <img decoding=\"async\" src=\"\/wp-content\/uploads\/2025\/06\/048-1.jpg\" alt=\"\"><\/p>\n<h3>048<\/h3>\n<\/li>\n<li>\n<p>        <img decoding=\"async\" src=\"\/wp-content\/uploads\/2025\/06\/057-1.jpg\" alt=\"\"><\/p>\n<h3>DIGITAL CAMERA<\/h3>\n<\/li>\n<li>\n<p>        <img decoding=\"async\" src=\"\/wp-content\/uploads\/2025\/06\/059-1.jpg\" alt=\"\"><\/p>\n<h3>Traveler<\/h3>\n<\/li>\n<li>\n<p>        <img decoding=\"async\" src=\"\/wp-content\/uploads\/2025\/06\/064-1.jpg\" alt=\"\"><\/p>\n<h3>064<\/h3>\n<\/li>\n<li>\n<p>        <img decoding=\"async\" src=\"\/wp-content\/uploads\/2025\/06\/091-1.jpg\" alt=\"\"><\/p>\n<h3>091<\/h3>\n<\/li>\n<li>\n<p>        <img decoding=\"async\" src=\"\/wp-content\/uploads\/2025\/06\/100-1.jpg\" alt=\"\"><\/p>\n<h3>100<\/h3>\n<\/li>\n<li>\n<p>        <img decoding=\"async\" src=\"\/wp-content\/uploads\/2025\/06\/130-1.jpg\" alt=\"\"><\/p>\n<h3>130<\/h3>\n<\/li>\n<li>\n<p>        <img decoding=\"async\" src=\"\/wp-content\/uploads\/2025\/06\/132-1.jpg\" alt=\"\"><\/p>\n<h3>132<\/h3>\n<\/li>\n<li>\n<p>        <img decoding=\"async\" src=\"\/wp-content\/uploads\/2025\/06\/133-1.jpg\" alt=\"\"><\/p>\n<h3>133<\/h3>\n<\/li>\n<li>\n<p>        <img decoding=\"async\" src=\"\/wp-content\/uploads\/2025\/06\/134-1.jpg\" alt=\"\"><\/p>\n<h3>134<\/h3>\n<\/li>\n<li>\n<p>        <img decoding=\"async\" src=\"\/wp-content\/uploads\/2025\/06\/135-1.jpg\" alt=\"\"><\/p>\n<h3>135<\/h3>\n<\/li>\n<li>\n<p>        <img decoding=\"async\" src=\"\/wp-content\/uploads\/2025\/06\/136-1.jpg\" alt=\"\"><\/p>\n<h3>136<\/h3>\n<\/li>\n<li>\n<p>        <img decoding=\"async\" src=\"\/wp-content\/uploads\/2025\/06\/139-1.jpg\" alt=\"\"><\/p>\n<h3>139<\/h3>\n<\/li>\n<li>\n<p>        <img decoding=\"async\" src=\"\/wp-content\/uploads\/2025\/06\/140-1.jpg\" alt=\"\"><\/p>\n<h3>140<\/h3>\n<\/li>\n<li>\n<p>        <img decoding=\"async\" src=\"\/wp-content\/uploads\/2025\/06\/141-1.jpg\" alt=\"\"><\/p>\n<h3>141<\/h3>\n<\/li>\n<li>\n<p>        <img decoding=\"async\" src=\"\/wp-content\/uploads\/2025\/06\/142-1.jpg\" alt=\"\"><\/p>\n<h3>142<\/h3>\n<\/li>\n<li>\n<p>        <img decoding=\"async\" src=\"\/wp-content\/uploads\/2025\/06\/143-1.jpg\" alt=\"\"><\/p>\n<h3>143<\/h3>\n<\/li>\n<li>\n<p>        <img decoding=\"async\" src=\"\/wp-content\/uploads\/2025\/06\/144-1.jpg\" alt=\"\"><\/p>\n<h3>144<\/h3>\n<\/li>\n<li>\n<p>        <img decoding=\"async\" src=\"\/wp-content\/uploads\/2025\/06\/145-1.jpg\" alt=\"\"><\/p>\n<h3>145<\/h3>\n<\/li>\n<li>\n<p>        <img decoding=\"async\" src=\"\/wp-content\/uploads\/2025\/06\/169-1.jpg\" alt=\"\"><\/p>\n<h3>169<\/h3>\n<\/li>\n<li>\n<p>        <img decoding=\"async\" src=\"\/wp-content\/uploads\/2025\/06\/174-1.jpg\" alt=\"\"><\/p>\n<h3>174<\/h3>\n<\/li>\n<li>\n<p>        <img decoding=\"async\" src=\"\/wp-content\/uploads\/2025\/06\/177-1.jpg\" alt=\"\"><\/p>\n<h3>177<\/h3>\n<\/li>\n<li>\n<p>        <img decoding=\"async\" src=\"\/wp-content\/uploads\/2025\/06\/207-1.jpg\" alt=\"\"><\/p>\n<h3>207<\/h3>\n<\/li>\n<li>\n<p>        <img decoding=\"async\" src=\"\/wp-content\/uploads\/2025\/06\/225-1.jpg\" alt=\"\"><\/p>\n<h3>225<\/h3>\n<\/li>\n<li>\n<p>        <img decoding=\"async\" src=\"\/wp-content\/uploads\/2025\/06\/226-1.jpg\" alt=\"\"><\/p>\n<h3>226<\/h3>\n<\/li>\n<li>\n<p>        <img decoding=\"async\" src=\"\/wp-content\/uploads\/2025\/06\/227-1.jpg\" alt=\"\"><\/p>\n<h3>227<\/h3>\n<\/li>\n<li>\n<p>        <img decoding=\"async\" src=\"\/wp-content\/uploads\/2025\/06\/254-1.jpg\" alt=\"\"><\/p>\n<h3>254<\/h3>\n<\/li>\n<li>\n<p>        <img decoding=\"async\" src=\"\/wp-content\/uploads\/2025\/06\/255-1.jpg\" alt=\"\"><\/p>\n<h3>255<\/h3>\n<\/li>\n<li>\n<p>        <img decoding=\"async\" src=\"\/wp-content\/uploads\/2025\/06\/256-1.jpg\" alt=\"\"><\/p>\n<h3>256<\/h3>\n<\/li>\n<li>\n<p>        <img decoding=\"async\" src=\"\/wp-content\/uploads\/2025\/06\/257-1.jpg\" alt=\"\"><\/p>\n<h3>257<\/h3>\n<\/li>\n<li>\n<p>        <img decoding=\"async\" src=\"\/wp-content\/uploads\/2025\/06\/272-1.jpg\" alt=\"\"><\/p>\n<h3>272<\/h3>\n<\/li>\n<li>\n<p>        <img decoding=\"async\" src=\"\/wp-content\/uploads\/2025\/06\/275-1.jpg\" alt=\"\"><\/p>\n<h3>275<\/h3>\n<\/li>\n<li>\n<p>        <img decoding=\"async\" src=\"\/wp-content\/uploads\/2025\/06\/285-1.jpg\" alt=\"\"><\/p>\n<h3>285<\/h3>\n<\/li>\n<li>\n<p>        <img decoding=\"async\" src=\"\/wp-content\/uploads\/2025\/06\/287-1.jpg\" alt=\"\"><\/p>\n<h3>287<\/h3>\n<\/li>\n<li>\n<p>        <img decoding=\"async\" src=\"\/wp-content\/uploads\/2025\/06\/301-1.jpg\" alt=\"\"><\/p>\n<h3>DIGITAL CAMERA<\/h3>\n<\/li>\n<li>\n<p>        <img decoding=\"async\" src=\"\/wp-content\/uploads\/2025\/06\/304-1.jpg\" alt=\"\"><\/p>\n<h3>304<\/h3>\n<\/li>\n<\/ul>\n<p><!--more--><br \/>\n<!-- {\"type\":\"layout\",\"children\":[{\"type\":\"section\",\"props\":{\"image_position\":\"center-center\",\"style\":\"default\",\"title_breakpoint\":\"xl\",\"title_position\":\"top-left\",\"title_rotation\":\"left\",\"vertical_align\":\"middle\",\"width\":\"large\"},\"children\":[{\"type\":\"row\",\"children\":[{\"type\":\"column\",\"props\":{\"image_position\":\"center-center\",\"position_sticky_breakpoint\":\"m\"},\"children\":[{\"type\":\"slideshow\",\"props\":{\"link_style\":\"default\",\"link_text\":\"Read more\",\"margin\":\"default\",\"meta_align\":\"below-title\",\"meta_element\":\"div\",\"meta_style\":\"text-meta\",\"nav\":\"dotnav\",\"nav_align\":\"center\",\"nav_below\":true,\"nav_breakpoint\":\"s\",\"nav_position\":\"bottom-center\",\"nav_position_margin\":\"medium\",\"overlay_animation\":\"parallax\",\"overlay_position\":\"center-left\",\"show_content\":true,\"show_link\":true,\"show_meta\":true,\"show_thumbnail\":true,\"show_title\":false,\"slidenav\":\"default\",\"slidenav_breakpoint\":\"s\",\"slidenav_margin\":\"medium\",\"slidenav_outside_breakpoint\":\"xl\",\"slideshow_animation\":\"fade\",\"slideshow_autoplay\":true,\"slideshow_autoplay_pause\":true,\"slideshow_max_height\":\"600\",\"slideshow_min_height\":\"300\",\"slideshow_parallax\":false,\"slideshow_velocity\":\"1.6\",\"thumbnav_height\":\"75\",\"thumbnav_svg_color\":\"emphasis\",\"thumbnav_width\":\"100\",\"title_element\":\"h3\",\"title_hover_style\":\"reset\"},\"children\":[{\"type\":\"slideshow_item\",\"props\":{\"image\":\"wp-content\\\/uploads\\\/2025\\\/06\\\/Homeslider7-new.jpg\",\"title\":\"Homeslider7-new\"}},{\"type\":\"slideshow_item\",\"props\":{\"image\":\"wp-content\\\/uploads\\\/2025\\\/06\\\/Homeslider6-new.jpg\",\"title\":\"Homeslider6-new\"}},{\"type\":\"slideshow_item\",\"props\":{\"image\":\"wp-content\\\/uploads\\\/2025\\\/06\\\/Homeslider4-new.jpg\",\"title\":\"Homeslider4-new\"}},{\"type\":\"slideshow_item\",\"props\":{\"image\":\"wp-content\\\/uploads\\\/2025\\\/06\\\/Homeslider3-new.jpg\",\"title\":\"Homeslider3-new\"}},{\"type\":\"slideshow_item\",\"props\":{\"image\":\"wp-content\\\/uploads\\\/2025\\\/06\\\/Homeslider2-new.jpg\",\"title\":\"Homeslider2-new\"}},{\"type\":\"slideshow_item\",\"props\":{\"image\":\"wp-content\\\/uploads\\\/2025\\\/06\\\/AmHagberg.jpg\",\"title\":\"AmHagberg\"}}]}]}]}],\"name\":\"Slideshow\"},{\"type\":\"section\",\"props\":{\"image_position\":\"center-center\",\"padding_remove_top\":true,\"style\":\"default\",\"title_breakpoint\":\"xl\",\"title_position\":\"top-left\",\"title_rotation\":\"left\",\"vertical_align\":\"middle\",\"width\":\"large\"},\"children\":[{\"type\":\"row\",\"children\":[{\"type\":\"column\",\"props\":{\"image_position\":\"center-center\",\"position_sticky_breakpoint\":\"m\"},\"children\":[{\"type\":\"headline\",\"props\":{\"content\":\"Holzhausbau\",\"title_element\":\"h1\"}}]}]},{\"type\":\"row\",\"children\":[{\"type\":\"column\",\"props\":{\"image_position\":\"center-center\",\"position_sticky_breakpoint\":\"m\"},\"children\":[{\"type\":\"text\",\"props\":{\"column_breakpoint\":\"m\",\"content\":\"\n\n<div>\\n\n\n<p class=\\\"p1\\\"><b>Nat\\u00fcrlich bauen \\u2013 mit Holz und Verstand.<\\\/b><b><\\\/b><\\\/p>\\n\n\n<p class=\\\"p1\\\">Ein Haus zu bauen, hei\\u00dft nicht nur, R\\u00e4ume zu schaffen \\u2013 sondern ein Zuhause. Mit unserer Leidenschaft f\\u00fcr Holz und dem Wissen aus vielen Jahren Zimmerei-Handwerk setzen wir diesen Wunsch in die Tat um.<\\\/p>\\n\n\n<p class=\\\"p1\\\">Unsere Holzh\\u00e4user entstehen in traditioneller Holzst\\u00e4nderbauweise: Ein stabiles Ger\\u00fcst aus massivem Vollholz bildet das Herzst\\u00fcck \\u2013 erg\\u00e4nzt durch hochwertige Holzwerkstoffe und nat\\u00fcrliche D\\u00e4mmmaterialien wie Zellulose oder Holzfaser. So entsteht ein wohngesundes Raumklima, das man sp\\u00fcrt, sobald man eintritt.<\\\/p>\\n\n\n<p class=\\\"p1\\\">Und weil wir in unserer Werkstatt alles passgenau vorbereiten, steht Ihr Haus innerhalb weniger Tage \\u2013 bereit f\\u00fcr Fenster, Dach und Innenausbau. Schnell, sauber, durchdacht.<\\\/p>\\n<\\\/div>\",\"margin\":\"default\"}}]}]},{\"type\":\"row\",\"children\":[{\"type\":\"column\",\"props\":{\"image_position\":\"center-center\",\"position_sticky_breakpoint\":\"m\"},\"children\":[{\"type\":\"gallery\",\"props\":{\"filter_align\":\"left\",\"filter_all\":true,\"filter_grid_breakpoint\":\"m\",\"filter_grid_width\":\"auto\",\"filter_position\":\"top\",\"filter_style\":\"tab\",\"grid_column_gap\":\"medium\",\"grid_default\":\"1\",\"grid_large\":\"5\",\"grid_masonry\":\"pack\",\"grid_medium\":\"2\",\"grid_row_gap\":\"medium\",\"image_orientation\":true,\"image_transition\":\"scale-up\",\"item_animation\":true,\"lightbox\":true,\"lightbox_bg_close\":true,\"lightbox_controls\":false,\"lightbox_counter\":false,\"lightbox_image_orientation\":true,\"link_style\":\"default\",\"link_text\":\"\",\"margin\":\"default\",\"meta_align\":\"below-title\",\"meta_element\":\"div\",\"meta_style\":\"text-meta\",\"overlay_hover\":true,\"overlay_link\":true,\"overlay_maxwidth\":\"small\",\"overlay_mode\":\"cover\",\"overlay_padding\":\"large\",\"overlay_position\":\"center\",\"overlay_style\":\"\",\"overlay_transition\":\"fade\",\"parallax_easing\":\"1\",\"show_content\":true,\"show_hover_image\":true,\"show_hover_video\":true,\"show_link\":true,\"show_meta\":true,\"show_title\":false,\"text_align\":\"center\",\"text_blend\":false,\"text_color\":\"light\",\"title_display\":\"lightbox\",\"title_element\":\"h3\",\"title_hover_style\":\"reset\"},\"children\":[{\"type\":\"gallery_item\",\"props\":{\"image\":\"wp-content\\\/uploads\\\/2025\\\/06\\\/002-1.jpg\",\"title\":\"DIGITAL CAMERA\"}},{\"type\":\"gallery_item\",\"props\":{\"image\":\"wp-content\\\/uploads\\\/2025\\\/06\\\/007-1.jpg\",\"title\":\"007\"}},{\"type\":\"gallery_item\",\"props\":{\"image\":\"wp-content\\\/uploads\\\/2025\\\/06\\\/010-1.jpg\",\"title\":\"DIGITAL CAMERA\"}},{\"type\":\"gallery_item\",\"props\":{\"image\":\"wp-content\\\/uploads\\\/2025\\\/06\\\/011-1.jpg\",\"title\":\"DIGITAL CAMERA\"}},{\"type\":\"gallery_item\",\"props\":{\"image\":\"wp-content\\\/uploads\\\/2025\\\/06\\\/031-1.jpg\",\"title\":\"Traveler\"}},{\"type\":\"gallery_item\",\"props\":{\"image\":\"wp-content\\\/uploads\\\/2025\\\/06\\\/032-1.jpg\",\"title\":\"Traveler\"}},{\"type\":\"gallery_item\",\"props\":{\"image\":\"wp-content\\\/uploads\\\/2025\\\/06\\\/033-1.jpg\",\"title\":\"Traveler\"}},{\"type\":\"gallery_item\",\"props\":{\"image\":\"wp-content\\\/uploads\\\/2025\\\/06\\\/040-1.jpg\",\"title\":\"040\"}},{\"type\":\"gallery_item\",\"props\":{\"image\":\"wp-content\\\/uploads\\\/2025\\\/06\\\/042-1.jpg\",\"title\":\"042\"}},{\"type\":\"gallery_item\",\"props\":{\"image\":\"wp-content\\\/uploads\\\/2025\\\/06\\\/044-1.jpg\",\"title\":\"044\"}},{\"type\":\"gallery_item\",\"props\":{\"image\":\"wp-content\\\/uploads\\\/2025\\\/06\\\/045-1.jpg\",\"title\":\"045\"}},{\"type\":\"gallery_item\",\"props\":{\"image\":\"wp-content\\\/uploads\\\/2025\\\/06\\\/046-1.jpg\",\"title\":\"046\"}},{\"type\":\"gallery_item\",\"props\":{\"image\":\"wp-content\\\/uploads\\\/2025\\\/06\\\/048-1.jpg\",\"title\":\"048\"}},{\"type\":\"gallery_item\",\"props\":{\"image\":\"wp-content\\\/uploads\\\/2025\\\/06\\\/057-1.jpg\",\"title\":\"DIGITAL CAMERA\"}},{\"type\":\"gallery_item\",\"props\":{\"image\":\"wp-content\\\/uploads\\\/2025\\\/06\\\/059-1.jpg\",\"title\":\"Traveler\"}},{\"type\":\"gallery_item\",\"props\":{\"image\":\"wp-content\\\/uploads\\\/2025\\\/06\\\/064-1.jpg\",\"title\":\"064\"}},{\"type\":\"gallery_item\",\"props\":{\"image\":\"wp-content\\\/uploads\\\/2025\\\/06\\\/091-1.jpg\",\"title\":\"091\"}},{\"type\":\"gallery_item\",\"props\":{\"image\":\"wp-content\\\/uploads\\\/2025\\\/06\\\/100-1.jpg\",\"title\":\"100\"}},{\"type\":\"gallery_item\",\"props\":{\"image\":\"wp-content\\\/uploads\\\/2025\\\/06\\\/130-1.jpg\",\"title\":\"130\"}},{\"type\":\"gallery_item\",\"props\":{\"image\":\"wp-content\\\/uploads\\\/2025\\\/06\\\/132-1.jpg\",\"title\":\"132\"}},{\"type\":\"gallery_item\",\"props\":{\"image\":\"wp-content\\\/uploads\\\/2025\\\/06\\\/133-1.jpg\",\"title\":\"133\"}},{\"type\":\"gallery_item\",\"props\":{\"image\":\"wp-content\\\/uploads\\\/2025\\\/06\\\/134-1.jpg\",\"title\":\"134\"}},{\"type\":\"gallery_item\",\"props\":{\"image\":\"wp-content\\\/uploads\\\/2025\\\/06\\\/135-1.jpg\",\"title\":\"135\"}},{\"type\":\"gallery_item\",\"props\":{\"image\":\"wp-content\\\/uploads\\\/2025\\\/06\\\/136-1.jpg\",\"title\":\"136\"}},{\"type\":\"gallery_item\",\"props\":{\"image\":\"wp-content\\\/uploads\\\/2025\\\/06\\\/139-1.jpg\",\"title\":\"139\"}},{\"type\":\"gallery_item\",\"props\":{\"image\":\"wp-content\\\/uploads\\\/2025\\\/06\\\/140-1.jpg\",\"title\":\"140\"}},{\"type\":\"gallery_item\",\"props\":{\"image\":\"wp-content\\\/uploads\\\/2025\\\/06\\\/141-1.jpg\",\"title\":\"141\"}},{\"type\":\"gallery_item\",\"props\":{\"image\":\"wp-content\\\/uploads\\\/2025\\\/06\\\/142-1.jpg\",\"title\":\"142\"}},{\"type\":\"gallery_item\",\"props\":{\"image\":\"wp-content\\\/uploads\\\/2025\\\/06\\\/143-1.jpg\",\"title\":\"143\"}},{\"type\":\"gallery_item\",\"props\":{\"image\":\"wp-content\\\/uploads\\\/2025\\\/06\\\/144-1.jpg\",\"title\":\"144\"}},{\"type\":\"gallery_item\",\"props\":{\"image\":\"wp-content\\\/uploads\\\/2025\\\/06\\\/145-1.jpg\",\"title\":\"145\"}},{\"type\":\"gallery_item\",\"props\":{\"image\":\"wp-content\\\/uploads\\\/2025\\\/06\\\/169-1.jpg\",\"title\":\"169\"}},{\"type\":\"gallery_item\",\"props\":{\"image\":\"wp-content\\\/uploads\\\/2025\\\/06\\\/174-1.jpg\",\"title\":\"174\"}},{\"type\":\"gallery_item\",\"props\":{\"image\":\"wp-content\\\/uploads\\\/2025\\\/06\\\/177-1.jpg\",\"title\":\"177\"}},{\"type\":\"gallery_item\",\"props\":{\"image\":\"wp-content\\\/uploads\\\/2025\\\/06\\\/207-1.jpg\",\"title\":\"207\"}},{\"type\":\"gallery_item\",\"props\":{\"image\":\"wp-content\\\/uploads\\\/2025\\\/06\\\/225-1.jpg\",\"title\":\"225\"}},{\"type\":\"gallery_item\",\"props\":{\"image\":\"wp-content\\\/uploads\\\/2025\\\/06\\\/226-1.jpg\",\"title\":\"226\"}},{\"type\":\"gallery_item\",\"props\":{\"image\":\"wp-content\\\/uploads\\\/2025\\\/06\\\/227-1.jpg\",\"title\":\"227\"}},{\"type\":\"gallery_item\",\"props\":{\"image\":\"wp-content\\\/uploads\\\/2025\\\/06\\\/254-1.jpg\",\"title\":\"254\"}},{\"type\":\"gallery_item\",\"props\":{\"image\":\"wp-content\\\/uploads\\\/2025\\\/06\\\/255-1.jpg\",\"title\":\"255\"}},{\"type\":\"gallery_item\",\"props\":{\"image\":\"wp-content\\\/uploads\\\/2025\\\/06\\\/256-1.jpg\",\"title\":\"256\"}},{\"type\":\"gallery_item\",\"props\":{\"image\":\"wp-content\\\/uploads\\\/2025\\\/06\\\/257-1.jpg\",\"title\":\"257\"}},{\"type\":\"gallery_item\",\"props\":{\"image\":\"wp-content\\\/uploads\\\/2025\\\/06\\\/272-1.jpg\",\"title\":\"272\"}},{\"type\":\"gallery_item\",\"props\":{\"image\":\"wp-content\\\/uploads\\\/2025\\\/06\\\/275-1.jpg\",\"title\":\"275\"}},{\"type\":\"gallery_item\",\"props\":{\"image\":\"wp-content\\\/uploads\\\/2025\\\/06\\\/285-1.jpg\",\"title\":\"285\"}},{\"type\":\"gallery_item\",\"props\":{\"image\":\"wp-content\\\/uploads\\\/2025\\\/06\\\/287-1.jpg\",\"title\":\"287\"}},{\"type\":\"gallery_item\",\"props\":{\"image\":\"wp-content\\\/uploads\\\/2025\\\/06\\\/301-1.jpg\",\"title\":\"DIGITAL CAMERA\"}},{\"type\":\"gallery_item\",\"props\":{\"image\":\"wp-content\\\/uploads\\\/2025\\\/06\\\/304-1.jpg\",\"title\":\"304\"}}]}]}]}]}],\"version\":\"4.5.19\"} --><\/p>\n","protected":false},"excerpt":{"rendered":"<p>Homeslider7-new Homeslider6-new Homeslider4-new Homeslider3-new Homeslider2-new AmHagberg Holzhausbau Nat\u00fcrlich bauen \u2013 mit Holz und Verstand. Ein Haus zu bauen, hei\u00dft nicht nur, R\u00e4ume zu schaffen \u2013 sondern ein Zuhause. Mit unserer Leidenschaft f\u00fcr Holz und dem Wissen aus vielen Jahren Zimmerei-Handwerk setzen wir diesen Wunsch in die Tat um. Unsere Holzh\u00e4user entstehen in traditioneller Holzst\u00e4nderbauweise: Ein [&hellip;]<\/p>\n","protected":false},"author":1,"featured_media":0,"parent":0,"menu_order":0,"comment_status":"closed","ping_status":"closed","template":"","meta":{"footnotes":""},"class_list":["post-20","page","type-page","status-publish","hentry"],"_links":{"self":[{"href":"https:\/\/fx-rottmair-zimmerei.de\/index.php\/wp-json\/wp\/v2\/pages\/20","targetHints":{"allow":["GET"]}}],"collection":[{"href":"https:\/\/fx-rottmair-zimmerei.de\/index.php\/wp-json\/wp\/v2\/pages"}],"about":[{"href":"https:\/\/fx-rottmair-zimmerei.de\/index.php\/wp-json\/wp\/v2\/types\/page"}],"author":[{"embeddable":true,"href":"https:\/\/fx-rottmair-zimmerei.de\/index.php\/wp-json\/wp\/v2\/users\/1"}],"replies":[{"embeddable":true,"href":"https:\/\/fx-rottmair-zimmerei.de\/index.php\/wp-json\/wp\/v2\/comments?post=20"}],"version-history":[{"count":7,"href":"https:\/\/fx-rottmair-zimmerei.de\/index.php\/wp-json\/wp\/v2\/pages\/20\/revisions"}],"predecessor-version":[{"id":461,"href":"https:\/\/fx-rottmair-zimmerei.de\/index.php\/wp-json\/wp\/v2\/pages\/20\/revisions\/461"}],"wp:attachment":[{"href":"https:\/\/fx-rottmair-zimmerei.de\/index.php\/wp-json\/wp\/v2\/media?parent=20"}],"curies":[{"name":"wp","href":"https:\/\/api.w.org\/{rel}","templated":true}]}}